{"id":822,"date":"2020-06-10T12:29:13","date_gmt":"2020-06-10T12:29:13","guid":{"rendered":"http:\/\/sleeks.de\/?page_id=822"},"modified":"2021-01-18T20:53:38","modified_gmt":"2021-01-18T20:53:38","slug":"ueber-uns-2","status":"publish","type":"page","link":"https:\/\/sleeks.de\/?page_id=822","title":{"rendered":"\u00dcber uns"},"content":{"rendered":"\n<figure class=\"wp-block-image size-large\"><img loading=\"lazy\" decoding=\"async\" width=\"1703\" height=\"1199\" src=\"https:\/\/sleeks.de\/wp-content\/uploads\/2020\/06\/L2390119-1-scaled-e1591441139137.jpg\" alt=\"\" class=\"wp-image-567\"\/><\/figure>\n\n\n\n<p class=\"has-very-light-gray-background-color has-text-color has-background\" style=\"color:#628d7e\"><br>1995 als Adresse f\u00fcr edle Wohnaccessoires, Objekte und feine Stoffe gegr\u00fcndet, haben wir uns \u00fcber die Jahre hinweg auf die Bereiche Einrichtung und Wohnen spezialisiert. Seither begleiten wir zahlreiche Projekte im privaten und kommerziellen Bereich.<br><br>Interior Design orientiert sich nach unserem Selbstverst\u00e4ndnis ganz an dem Kunden und seinen W\u00fcnschen. So haben wir uns seit \u00fcber 25 Jahren mit viel Leidenschaft und einem intuitivem Sinn f\u00fcr Design und \u00c4sthetik\u00a0 zu einer f\u00fchrenden Adresse f\u00fcr Inneneinrichtung entwickelt.<br><br>Wir stellen Ihnen gerne unsere breite Erfahrung und ein ausgew\u00e4hltes Lieferantenportfolio zur Verf\u00fcgung.<br><br>Cornelia Mayer-Scheibel<br><\/p>\n\n\n\n<p><\/p>\n","protected":false},"excerpt":{"rendered":"<p>1995 als Adresse f\u00fcr edle Wohnaccessoires, Objekte und feine Stoffe gegr\u00fcndet, haben wir uns \u00fcber die Jahre hinweg auf die Bereiche Einrichtung und Wohnen spezialisiert. Seither begleiten wir zahlreiche Projekte im privaten und kommerziellen Bereich. Interior Design orientiert sich nach unserem Selbstverst\u00e4ndnis ganz an dem Kunden und seinen W\u00fcnschen. So haben wir uns seit \u00fcber &hellip; <\/p>\n<p class=\"link-more\"><a href=\"https:\/\/sleeks.de\/?page_id=822\" class=\"more-link\"><span class=\"screen-reader-text\">\u201e\u00dcber uns\u201c<\/span> weiterlesen<\/a><\/p>\n","protected":false},"author":1,"featured_media":0,"parent":0,"menu_order":0,"comment_status":"closed","ping_status":"closed","template":"","meta":{"footnotes":""},"_links":{"self":[{"href":"https:\/\/sleeks.de\/index.php?rest_route=\/wp\/v2\/pages\/822"}],"collection":[{"href":"https:\/\/sleeks.de\/index.php?rest_route=\/wp\/v2\/pages"}],"about":[{"href":"https:\/\/sleeks.de\/index.php?rest_route=\/wp\/v2\/types\/page"}],"author":[{"embeddable":true,"href":"https:\/\/sleeks.de\/index.php?rest_route=\/wp\/v2\/users\/1"}],"replies":[{"embeddable":true,"href":"https:\/\/sleeks.de\/index.php?rest_route=%2Fwp%2Fv2%2Fcomments&post=822"}],"version-history":[{"count":2,"href":"https:\/\/sleeks.de\/index.php?rest_route=\/wp\/v2\/pages\/822\/revisions"}],"predecessor-version":[{"id":879,"href":"https:\/\/sleeks.de\/index.php?rest_route=\/wp\/v2\/pages\/822\/revisions\/879"}],"wp:attachment":[{"href":"https:\/\/sleeks.de\/index.php?rest_route=%2Fwp%2Fv2%2Fmedia&parent=822"}],"curies":[{"name":"wp","href":"https:\/\/api.w.org\/{rel}","templated":true}]}}